{"id":3085,"date":"2022-01-25T13:46:23","date_gmt":"2022-01-25T12:46:23","guid":{"rendered":"https:\/\/test.muwit.net\/sehenswuerdigkeiten-in-suedtirol\/"},"modified":"2023-09-19T10:58:49","modified_gmt":"2023-09-19T08:58:49","slug":"attrazioni-in-alto-adige","status":"publish","type":"page","link":"https:\/\/www.bestof-suedtirol.net\/it\/attrazioni-in-alto-adige\/","title":{"rendered":"Attrazioni in Alto Adige"},"content":{"rendered":"\t\t<div data-elementor-type=\"wp-page\" data-elementor-id=\"3085\" class=\"elementor elementor-3085 elementor-1948\" data-elementor-post-type=\"page\">\n\t\t\t\t\t\t<div class=\"elementor-inner\">\n\t\t\t\t<div class=\"elementor-section-wrap\">\n\t\t\t\t\t\t\t\t\t<section class=\"ob-is-breaking-bad elementor-section elementor-top-section elementor-element elementor-element-6617f9e elementor-section-full_width elementor-section-height-default elementor-section-height-default\" data-id=\"6617f9e\" data-element_type=\"section\" data-settings=\"{&quot;background_background&quot;:&quot;classic&quot;,&quot;_ob_bbad_use_it&quot;:&quot;yes&quot;,&quot;_ob_bbad_sssic_use&quot;:&quot;no&quot;,&quot;_ob_glider_is_slider&quot;:&quot;no&quot;}\">\n\t\t\t\t\t\t<div class=\"elementor-container elementor-column-gap-no\">\n\t\t\t\t\t\t\t<div class=\"elementor-row\">\n\t\t\t\t\t<div data-dce-background-color=\"#FFFFFF\" class=\"elementor-column elementor-col-100 elementor-top-column elementor-element elementor-element-db25003\" data-id=\"db25003\" data-element_type=\"column\" data-settings=\"{&quot;background_background&quot;:&quot;classic&quot;,&quot;_ob_bbad_is_stalker&quot;:&quot;no&quot;,&quot;_ob_teleporter_use&quot;:false,&quot;_ob_column_hoveranimator&quot;:&quot;no&quot;,&quot;_ob_column_has_pseudo&quot;:&quot;no&quot;}\">\n\t\t\t<div class=\"elementor-column-wrap elementor-element-populated\">\n\t\t\t\t\t\t\t<div class=\"elementor-widget-wrap\">\n\t\t\t\t\t\t<section class=\"ob-is-breaking-bad ob-bb-inner elementor-section elementor-inner-section elementor-element elementor-element-f782a29 elementor-section-full_width animated-slow elementor-section-height-default elementor-section-height-default elementor-invisible\" data-id=\"f782a29\" data-element_type=\"section\" data-settings=\"{&quot;animation&quot;:&quot;bounce&quot;,&quot;_ob_bbad_use_it&quot;:&quot;yes&quot;,&quot;_ob_bbad_sssic_use&quot;:&quot;no&quot;,&quot;_ob_glider_is_slider&quot;:&quot;no&quot;}\">\n\t\t\t\t\t\t<div class=\"elementor-container elementor-column-gap-no\">\n\t\t\t\t\t\t\t<div class=\"elementor-row\">\n\t\t\t\t\t<div class=\"elementor-column elementor-col-50 elementor-inner-column elementor-element elementor-element-505522f elementor-hidden-mobile\" data-id=\"505522f\" data-element_type=\"column\" data-settings=\"{&quot;background_background&quot;:&quot;classic&quot;,&quot;_ob_bbad_link&quot;:{&quot;url&quot;:&quot;https:\\\/\\\/bestof-suedtirol.net\\\/restplatzboerse-suedtirol\\\/&quot;,&quot;is_external&quot;:&quot;&quot;,&quot;nofollow&quot;:&quot;&quot;,&quot;custom_attributes&quot;:&quot;&quot;},&quot;_ob_bbad_is_stalker&quot;:&quot;no&quot;,&quot;_ob_teleporter_use&quot;:false,&quot;_ob_column_hoveranimator&quot;:&quot;no&quot;,&quot;_ob_column_has_pseudo&quot;:&quot;no&quot;}\">\n\t\t\t<div class=\"elementor-column-wrap elementor-element-populated\">\n\t\t\t\t\t\t\t<div class=\"elementor-widget-wrap\">\n\t\t\t\t\t\t<div class=\"elementor-element elementor-element-fa89064 elementor-view-default ob-has-background-overlay elementor-widget elementor-widget-global elementor-global-3020 elementor-widget-icon\" data-id=\"fa89064\" data-element_type=\"widget\" data-settings=\"{&quot;_ob_perspektive_use&quot;:&quot;no&quot;,&quot;_ob_poopart_use&quot;:&quot;yes&quot;,&quot;_ob_shadough_use&quot;:&quot;no&quot;,&quot;_ob_allow_hoveranimator&quot;:&quot;no&quot;,&quot;_ob_widget_stalker_use&quot;:&quot;no&quot;}\" data-widget_type=\"icon.default\">\n\t\t\t\t<div class=\"elementor-widget-container\">\n\t\t\t\t\t<div class=\"elementor-icon-wrapper\">\n\t\t\t<a class=\"elementor-icon\" href=\"#elementor-action%3Aaction%3Dpopup%3Aopen%26settings%3DeyJpZCI6IjQyNDUiLCJ0b2dnbGUiOmZhbHNlfQ%3D%3D\" title=\"Ultimi Posti\">\n\t\t\t<svg xmlns=\"http:\/\/www.w3.org\/2000\/svg\" width=\"21.29\" height=\"20.75\" viewBox=\"0 0 21.29 20.75\"><path id=\"Icon_awesome-arrow-right\" data-name=\"Icon awesome-arrow-right\" d=\"M9.052,4.037l1.055-1.055a1.136,1.136,0,0,1,1.611,0l9.237,9.232a1.136,1.136,0,0,1,0,1.611l-9.237,9.237a1.136,1.136,0,0,1-1.611,0L9.052,22.008a1.142,1.142,0,0,1,.019-1.63L14.8,14.923H1.14A1.138,1.138,0,0,1,0,13.783V12.262a1.138,1.138,0,0,1,1.14-1.14H14.8L9.071,5.667A1.133,1.133,0,0,1,9.052,4.037Z\" transform=\"translate(0 -2.647)\" fill=\"#fff\"><\/path><\/svg>\t\t\t<\/a>\n\t\t<\/div>\n\t\t\t\t<\/div>\n\t\t\t\t<\/div>\n\t\t\t\t\t\t<\/div>\n\t\t\t\t\t<\/div>\n\t\t<\/div>\n\t\t\t\t<div class=\"elementor-column elementor-col-50 elementor-inner-column elementor-element elementor-element-fe560cd\" data-id=\"fe560cd\" data-element_type=\"column\" data-settings=\"{&quot;background_background&quot;:&quot;classic&quot;,&quot;_ob_bbad_link&quot;:{&quot;url&quot;:&quot;https:\\\/\\\/bestof-suedtirol.net\\\/it\\\/ultimi-posti-alto-adige\\\/&quot;,&quot;is_external&quot;:&quot;&quot;,&quot;nofollow&quot;:&quot;&quot;,&quot;custom_attributes&quot;:&quot;title|Ultimi posti&quot;},&quot;_ob_bbad_is_stalker&quot;:&quot;no&quot;,&quot;_ob_teleporter_use&quot;:false,&quot;_ob_column_hoveranimator&quot;:&quot;no&quot;,&quot;_ob_column_has_pseudo&quot;:&quot;no&quot;}\">\n\t\t\t<div class=\"elementor-column-wrap elementor-element-populated\">\n\t\t\t\t\t\t\t<div class=\"elementor-widget-wrap\">\n\t\t\t\t\t\t<div class=\"elementor-element elementor-element-b3990ed ob-harakiri-inherit ob-has-background-overlay elementor-widget elementor-widget-global elementor-global-3017 elementor-widget-text-editor\" data-id=\"b3990ed\" data-element_type=\"widget\" data-settings=\"{&quot;_ob_use_harakiri&quot;:&quot;yes&quot;,&quot;_ob_harakiri_writing_mode&quot;:&quot;inherit&quot;,&quot;_ob_postman_use&quot;:&quot;no&quot;,&quot;_ob_perspektive_use&quot;:&quot;no&quot;,&quot;_ob_poopart_use&quot;:&quot;yes&quot;,&quot;_ob_shadough_use&quot;:&quot;no&quot;,&quot;_ob_allow_hoveranimator&quot;:&quot;no&quot;,&quot;_ob_widget_stalker_use&quot;:&quot;no&quot;}\" data-widget_type=\"text-editor.default\">\n\t\t\t\t<div class=\"elementor-widget-container\">\n\t\t\t\t\t\t\t\t<div class=\"elementor-text-editor elementor-clearfix\">\n\t\t\t\t<p><b>Richiedi <\/b>offerta<\/p>\t\t\t\t\t<\/div>\n\t\t\t\t\t\t<\/div>\n\t\t\t\t<\/div>\n\t\t\t\t\t\t<\/div>\n\t\t\t\t\t<\/div>\n\t\t<\/div>\n\t\t\t\t\t\t\t\t<\/div>\n\t\t\t\t\t<\/div>\n\t\t<\/section>\n\t\t\t\t\t\t<\/div>\n\t\t\t\t\t<\/div>\n\t\t<\/div>\n\t\t\t\t\t\t\t\t<\/div>\n\t\t\t\t\t<\/div>\n\t\t<\/section>\n\t\t\t\t<section class=\"ob-is-breaking-bad elementor-section elementor-top-section elementor-element elementor-element-f2dc753 elementor-section-full_width elementor-section-height-default elementor-section-height-default\" data-id=\"f2dc753\" data-element_type=\"section\" data-settings=\"{&quot;background_background&quot;:&quot;classic&quot;,&quot;_ob_bbad_use_it&quot;:&quot;yes&quot;,&quot;_ob_bbad_sssic_use&quot;:&quot;no&quot;,&quot;_ob_glider_is_slider&quot;:&quot;no&quot;}\">\n\t\t\t\t\t\t<div class=\"elementor-container elementor-column-gap-no\">\n\t\t\t\t\t\t\t<div class=\"elementor-row\">\n\t\t\t\t\t<div class=\"elementor-column elementor-col-100 elementor-top-column elementor-element elementor-element-f763a1f animated-slow elementor-invisible\" data-id=\"f763a1f\" data-element_type=\"column\" data-settings=\"{&quot;animation&quot;:&quot;fadeInUp&quot;,&quot;_ob_bbad_is_stalker&quot;:&quot;no&quot;,&quot;_ob_teleporter_use&quot;:false,&quot;_ob_column_hoveranimator&quot;:&quot;no&quot;,&quot;_ob_column_has_pseudo&quot;:&quot;no&quot;}\">\n\t\t\t<div class=\"elementor-column-wrap elementor-element-populated\">\n\t\t\t\t\t\t\t<div class=\"elementor-widget-wrap\">\n\t\t\t\t\t\t<div class=\"elementor-element elementor-element-ee8bd9d ob-harakiri-inherit ob-has-background-overlay elementor-widget elementor-widget-heading\" data-id=\"ee8bd9d\" data-element_type=\"widget\" data-settings=\"{&quot;_ob_use_harakiri&quot;:&quot;yes&quot;,&quot;_ob_harakiri_writing_mode&quot;:&quot;inherit&quot;,&quot;_ob_harakiri_text_clip&quot;:&quot;none&quot;,&quot;_ob_perspektive_use&quot;:&quot;no&quot;,&quot;_ob_poopart_use&quot;:&quot;yes&quot;,&quot;_ob_shadough_use&quot;:&quot;no&quot;,&quot;_ob_allow_hoveranimator&quot;:&quot;no&quot;,&quot;_ob_widget_stalker_use&quot;:&quot;no&quot;}\" data-widget_type=\"heading.default\">\n\t\t\t\t<div class=\"elementor-widget-container\">\n\t\t\t<h2 class=\"elementor-heading-title elementor-size-default\">Best of to see<\/h2>\t\t<\/div>\n\t\t\t\t<\/div>\n\t\t\t\t\t\t<\/div>\n\t\t\t\t\t<\/div>\n\t\t<\/div>\n\t\t\t\t\t\t\t\t<\/div>\n\t\t\t\t\t<\/div>\n\t\t<\/section>\n\t\t\t\t\t\t\t\t\t<\/div>\n\t\t\t<\/div>\n\t\t\t\t\t<\/div>\n\t\t","protected":false},"excerpt":{"rendered":"<p>Richiedi offerta Best of to see Angebot des Tages<\/p>\n","protected":false},"author":1,"featured_media":0,"parent":0,"menu_order":0,"comment_status":"closed","ping_status":"closed","template":"elementor_header_footer","meta":{"footnotes":""},"acf":[],"yoast_head":"<!-- This site is optimized with the Yoast SEO plugin v21.2 - https:\/\/yoast.com\/wordpress\/plugins\/seo\/ -->\n<title>Attrazioni in Alto Adige<\/title>\n<meta name=\"description\" content=\"Il meglio dell&#039;Alto Adige. Attrazioni e highlights dell&#039;Alto Adige che meritano una visita.\" \/>\n<meta name=\"robots\" content=\"index, follow, max-snippet:-1, max-image-preview:large, max-video-preview:-1\" \/>\n<link rel=\"canonical\" href=\"https:\/\/www.bestof-suedtirol.net\/sehenswuerdigkeiten-in-suedtirol\/\" \/>\n<meta property=\"og:locale\" content=\"it_IT\" \/>\n<meta property=\"og:type\" content=\"article\" \/>\n<meta property=\"og:title\" content=\"Attrazioni in Alto Adige\" \/>\n<meta property=\"og:description\" content=\"Il meglio dell&#039;Alto Adige. Attrazioni e highlights dell&#039;Alto Adige che meritano una visita.\" \/>\n<meta property=\"og:url\" content=\"https:\/\/www.bestof-suedtirol.net\/sehenswuerdigkeiten-in-suedtirol\/\" \/>\n<meta property=\"og:site_name\" content=\"Best of S\u00fcdtirol\" \/>\n<meta property=\"article:modified_time\" content=\"2023-09-19T08:58:49+00:00\" \/>\n<meta property=\"og:image\" content=\"https:\/\/www.bestof-suedtirol.net\/wp-content\/uploads\/Best-of-Suedtirol-Genuss.jpg\" \/>\n\t<meta property=\"og:image:width\" content=\"1800\" \/>\n\t<meta property=\"og:image:height\" content=\"1200\" \/>\n\t<meta property=\"og:image:type\" content=\"image\/jpeg\" \/>\n<meta name=\"twitter:card\" content=\"summary_large_image\" \/>\n<meta name=\"twitter:label1\" content=\"Tempo di lettura stimato\" \/>\n\t<meta name=\"twitter:data1\" content=\"4 minuti\" \/>\n<script type=\"application\/ld+json\" class=\"yoast-schema-graph\">{\"@context\":\"https:\/\/schema.org\",\"@graph\":[{\"@type\":\"WebPage\",\"@id\":\"https:\/\/www.bestof-suedtirol.net\/sehenswuerdigkeiten-in-suedtirol\/\",\"url\":\"https:\/\/www.bestof-suedtirol.net\/sehenswuerdigkeiten-in-suedtirol\/\",\"name\":\"Attrazioni in Alto Adige\",\"isPartOf\":{\"@id\":\"https:\/\/www.bestof-suedtirol.net\/it\/#website\"},\"datePublished\":\"2022-01-25T12:46:23+00:00\",\"dateModified\":\"2023-09-19T08:58:49+00:00\",\"description\":\"Il meglio dell'Alto Adige. Attrazioni e highlights dell'Alto Adige che meritano una visita.\",\"breadcrumb\":{\"@id\":\"https:\/\/www.bestof-suedtirol.net\/sehenswuerdigkeiten-in-suedtirol\/#breadcrumb\"},\"inLanguage\":\"it-IT\",\"potentialAction\":[{\"@type\":\"ReadAction\",\"target\":[\"https:\/\/www.bestof-suedtirol.net\/sehenswuerdigkeiten-in-suedtirol\/\"]}]},{\"@type\":\"BreadcrumbList\",\"@id\":\"https:\/\/www.bestof-suedtirol.net\/sehenswuerdigkeiten-in-suedtirol\/#breadcrumb\",\"itemListElement\":[{\"@type\":\"ListItem\",\"position\":1,\"name\":\"Startseite\",\"item\":\"https:\/\/www.bestof-suedtirol.net\/it\/\"},{\"@type\":\"ListItem\",\"position\":2,\"name\":\"Attrazioni in Alto Adige\"}]},{\"@type\":\"WebSite\",\"@id\":\"https:\/\/www.bestof-suedtirol.net\/it\/#website\",\"url\":\"https:\/\/www.bestof-suedtirol.net\/it\/\",\"name\":\"Best of S\u00fcdtirol\",\"description\":\"Die Auswahl der Besten Unterk\u00fcnfte in S\u00fcdtirol\",\"publisher\":{\"@id\":\"https:\/\/www.bestof-suedtirol.net\/it\/#organization\"},\"potentialAction\":[{\"@type\":\"SearchAction\",\"target\":{\"@type\":\"EntryPoint\",\"urlTemplate\":\"https:\/\/www.bestof-suedtirol.net\/it\/?s={search_term_string}\"},\"query-input\":\"required name=search_term_string\"}],\"inLanguage\":\"it-IT\"},{\"@type\":\"Organization\",\"@id\":\"https:\/\/www.bestof-suedtirol.net\/it\/#organization\",\"name\":\"Best of S\u00fcdtirol\",\"url\":\"https:\/\/www.bestof-suedtirol.net\/it\/\",\"logo\":{\"@type\":\"ImageObject\",\"inLanguage\":\"it-IT\",\"@id\":\"https:\/\/www.bestof-suedtirol.net\/it\/#\/schema\/logo\/image\/\",\"url\":\"https:\/\/www.bestof-suedtirol.net\/wp-content\/uploads\/Logo-Best-of-Suedtirol-a.svg\",\"contentUrl\":\"https:\/\/www.bestof-suedtirol.net\/wp-content\/uploads\/Logo-Best-of-Suedtirol-a.svg\",\"width\":294,\"height\":192,\"caption\":\"Best of S\u00fcdtirol\"},\"image\":{\"@id\":\"https:\/\/www.bestof-suedtirol.net\/it\/#\/schema\/logo\/image\/\"}}]}<\/script>\n<!-- \/ Yoast SEO plugin. -->","yoast_head_json":{"title":"Attrazioni in Alto Adige","description":"Il meglio dell'Alto Adige. Attrazioni e highlights dell'Alto Adige che meritano una visita.","robots":{"index":"index","follow":"follow","max-snippet":"max-snippet:-1","max-image-preview":"max-image-preview:large","max-video-preview":"max-video-preview:-1"},"canonical":"https:\/\/www.bestof-suedtirol.net\/sehenswuerdigkeiten-in-suedtirol\/","og_locale":"it_IT","og_type":"article","og_title":"Attrazioni in Alto Adige","og_description":"Il meglio dell'Alto Adige. Attrazioni e highlights dell'Alto Adige che meritano una visita.","og_url":"https:\/\/www.bestof-suedtirol.net\/sehenswuerdigkeiten-in-suedtirol\/","og_site_name":"Best of S\u00fcdtirol","article_modified_time":"2023-09-19T08:58:49+00:00","og_image":[{"width":1800,"height":1200,"url":"https:\/\/www.bestof-suedtirol.net\/wp-content\/uploads\/Best-of-Suedtirol-Genuss.jpg","type":"image\/jpeg"}],"twitter_card":"summary_large_image","twitter_misc":{"Tempo di lettura stimato":"4 minuti"},"schema":{"@context":"https:\/\/schema.org","@graph":[{"@type":"WebPage","@id":"https:\/\/www.bestof-suedtirol.net\/sehenswuerdigkeiten-in-suedtirol\/","url":"https:\/\/www.bestof-suedtirol.net\/sehenswuerdigkeiten-in-suedtirol\/","name":"Attrazioni in Alto Adige","isPartOf":{"@id":"https:\/\/www.bestof-suedtirol.net\/it\/#website"},"datePublished":"2022-01-25T12:46:23+00:00","dateModified":"2023-09-19T08:58:49+00:00","description":"Il meglio dell'Alto Adige. Attrazioni e highlights dell'Alto Adige che meritano una visita.","breadcrumb":{"@id":"https:\/\/www.bestof-suedtirol.net\/sehenswuerdigkeiten-in-suedtirol\/#breadcrumb"},"inLanguage":"it-IT","potentialAction":[{"@type":"ReadAction","target":["https:\/\/www.bestof-suedtirol.net\/sehenswuerdigkeiten-in-suedtirol\/"]}]},{"@type":"BreadcrumbList","@id":"https:\/\/www.bestof-suedtirol.net\/sehenswuerdigkeiten-in-suedtirol\/#breadcrumb","itemListElement":[{"@type":"ListItem","position":1,"name":"Startseite","item":"https:\/\/www.bestof-suedtirol.net\/it\/"},{"@type":"ListItem","position":2,"name":"Attrazioni in Alto Adige"}]},{"@type":"WebSite","@id":"https:\/\/www.bestof-suedtirol.net\/it\/#website","url":"https:\/\/www.bestof-suedtirol.net\/it\/","name":"Best of S\u00fcdtirol","description":"Die Auswahl der Besten Unterk\u00fcnfte in S\u00fcdtirol","publisher":{"@id":"https:\/\/www.bestof-suedtirol.net\/it\/#organization"},"potentialAction":[{"@type":"SearchAction","target":{"@type":"EntryPoint","urlTemplate":"https:\/\/www.bestof-suedtirol.net\/it\/?s={search_term_string}"},"query-input":"required name=search_term_string"}],"inLanguage":"it-IT"},{"@type":"Organization","@id":"https:\/\/www.bestof-suedtirol.net\/it\/#organization","name":"Best of S\u00fcdtirol","url":"https:\/\/www.bestof-suedtirol.net\/it\/","logo":{"@type":"ImageObject","inLanguage":"it-IT","@id":"https:\/\/www.bestof-suedtirol.net\/it\/#\/schema\/logo\/image\/","url":"https:\/\/www.bestof-suedtirol.net\/wp-content\/uploads\/Logo-Best-of-Suedtirol-a.svg","contentUrl":"https:\/\/www.bestof-suedtirol.net\/wp-content\/uploads\/Logo-Best-of-Suedtirol-a.svg","width":294,"height":192,"caption":"Best of S\u00fcdtirol"},"image":{"@id":"https:\/\/www.bestof-suedtirol.net\/it\/#\/schema\/logo\/image\/"}}]}},"_links":{"self":[{"href":"https:\/\/www.bestof-suedtirol.net\/it\/wp-json\/wp\/v2\/pages\/3085"}],"collection":[{"href":"https:\/\/www.bestof-suedtirol.net\/it\/wp-json\/wp\/v2\/pages"}],"about":[{"href":"https:\/\/www.bestof-suedtirol.net\/it\/wp-json\/wp\/v2\/types\/page"}],"author":[{"embeddable":true,"href":"https:\/\/www.bestof-suedtirol.net\/it\/wp-json\/wp\/v2\/users\/1"}],"replies":[{"embeddable":true,"href":"https:\/\/www.bestof-suedtirol.net\/it\/wp-json\/wp\/v2\/comments?post=3085"}],"version-history":[{"count":10,"href":"https:\/\/www.bestof-suedtirol.net\/it\/wp-json\/wp\/v2\/pages\/3085\/revisions"}],"predecessor-version":[{"id":3906,"href":"https:\/\/www.bestof-suedtirol.net\/it\/wp-json\/wp\/v2\/pages\/3085\/revisions\/3906"}],"wp:attachment":[{"href":"https:\/\/www.bestof-suedtirol.net\/it\/wp-json\/wp\/v2\/media?parent=3085"}],"curies":[{"name":"wp","href":"https:\/\/api.w.org\/{rel}","templated":true}]}}